{"id":187,"date":"2019-09-24T11:35:40","date_gmt":"2019-09-24T11:35:40","guid":{"rendered":"https:\/\/tiglo.fi\/?page_id=187"},"modified":"2020-02-11T19:37:42","modified_gmt":"2020-02-11T19:37:42","slug":"rakennekuvat","status":"publish","type":"page","link":"https:\/\/tiglo.fi\/index.php\/rakenne\/rakennekuvat\/","title":{"rendered":"RAKENNEKUVAT"},"content":{"rendered":"\n<h2 class=\"wp-block-heading\">TIGL<em>O\u00ae <\/em>eteisell\u00e4 ja usealla lasisein\u00e4ll\u00e4<\/h2>\n\n\n\n<figure class=\"wp-block-image\"><a href=\"https:\/\/tiglo.fi\/wp-content\/uploads\/2019\/09\/Tiglo-rakennekuvat-eteisell\u00e4.jpg\" target=\"_blank\" rel=\"noreferrer noopener\"><img loading=\"lazy\" decoding=\"async\" width=\"1024\" height=\"724\" src=\"https:\/\/tiglo.fi\/wp-content\/uploads\/2019\/09\/Tiglo-rakennekuvat-eteisell\u00e4-1024x724.jpg\" alt=\"\" class=\"wp-image-184\" srcset=\"https:\/\/tiglo.fi\/wp-content\/uploads\/2019\/09\/Tiglo-rakennekuvat-eteisell\u00e4-1024x724.jpg 1024w, https:\/\/tiglo.fi\/wp-content\/uploads\/2019\/09\/Tiglo-rakennekuvat-eteisell\u00e4-300x212.jpg 300w, https:\/\/tiglo.fi\/wp-content\/uploads\/2019\/09\/Tiglo-rakennekuvat-eteisell\u00e4-768x543.jpg 768w, https:\/\/tiglo.fi\/wp-content\/uploads\/2019\/09\/Tiglo-rakennekuvat-eteisell\u00e4.jpg 1169w\" sizes=\"auto, (max-width: 767px) 89vw, (max-width: 1000px) 54vw, (max-width: 1071px) 543px, 580px\" \/><\/a><figcaption><em>TIGLO\u00ae <\/em>erillinen eteinen s\u00e4ilytystiloineen, kolme lasisein\u00e4\u00e4 alakerrassa. Avarat n\u00e4kym\u00e4t ymp\u00e4r\u00f6iv\u00e4\u00e4n luontoon.<\/figcaption><\/figure>\n\n\n\n<p><\/p>\n","protected":false},"excerpt":{"rendered":"<p>TIGLO\u00ae eteisell\u00e4 ja usealla lasisein\u00e4ll\u00e4<\/p>\n","protected":false},"author":1,"featured_media":0,"parent":14,"menu_order":1,"comment_status":"closed","ping_status":"closed","template":"","meta":{"footnotes":""},"class_list":["post-187","page","type-page","status-publish","hentry"],"_links":{"self":[{"href":"https:\/\/tiglo.fi\/index.php\/wp-json\/wp\/v2\/pages\/187","targetHints":{"allow":["GET"]}}],"collection":[{"href":"https:\/\/tiglo.fi\/index.php\/wp-json\/wp\/v2\/pages"}],"about":[{"href":"https:\/\/tiglo.fi\/index.php\/wp-json\/wp\/v2\/types\/page"}],"author":[{"embeddable":true,"href":"https:\/\/tiglo.fi\/index.php\/wp-json\/wp\/v2\/users\/1"}],"replies":[{"embeddable":true,"href":"https:\/\/tiglo.fi\/index.php\/wp-json\/wp\/v2\/comments?post=187"}],"version-history":[{"count":12,"href":"https:\/\/tiglo.fi\/index.php\/wp-json\/wp\/v2\/pages\/187\/revisions"}],"predecessor-version":[{"id":314,"href":"https:\/\/tiglo.fi\/index.php\/wp-json\/wp\/v2\/pages\/187\/revisions\/314"}],"up":[{"embeddable":true,"href":"https:\/\/tiglo.fi\/index.php\/wp-json\/wp\/v2\/pages\/14"}],"wp:attachment":[{"href":"https:\/\/tiglo.fi\/index.php\/wp-json\/wp\/v2\/media?parent=187"}],"curies":[{"name":"wp","href":"https:\/\/api.w.org\/{rel}","templated":true}]}}