{"id":10,"date":"2019-04-27T17:59:30","date_gmt":"2019-04-27T17:59:30","guid":{"rendered":"https:\/\/tiglo.fi\/?page_id=10"},"modified":"2020-02-11T20:31:57","modified_gmt":"2020-02-11T20:31:57","slug":"etusivu","status":"publish","type":"page","link":"https:\/\/tiglo.fi\/","title":{"rendered":"ETUSIVU"},"content":{"rendered":"\n<h2 class=\"wp-block-heading\">TIGLO\u00ae &#8211; ARKTINEN TAIVAS, KOKEMUS JA EL\u00c4MYS L\u00c4HELL\u00c4 SINUA<\/h2>\n\n\n\n<h3 class=\"wp-block-heading\">TIGLON TARINA<\/h3>\n\n\n\n<blockquote class=\"wp-block-quote is-layout-flow wp-block-quote-is-layout-flow\"><p><em><strong>Kodan, iglun, tiipiin ja suomalaisen puurakentamisen hyvi\u00e4 ominaisuuksia yhdist\u00e4v\u00e4 lomamaja.<\/strong><\/em><\/p><\/blockquote>\n\n\n\n<p>Tiglo on lasikattoinen, puurakenteinen kaksikerroksinen kota. Alakerrassa on viihtyis\u00e4 tupa, jossa on minikeitti\u00f6, wc ja pieni saunallinen kylpyhuone. Yl\u00e4kerrassa on suojainen makuuhuone, &#8221;lasi-iglu&#8221;, jonka isoista l\u00e4mmitett\u00e4vist\u00e4 laseista voi ihailla arktista taivasta ymp\u00e4ri vuoden. Tiglon rakenne ja rakentamistapa ovat uusia, mutta muoto noudattaa Lapin perinteit\u00e4 ja materiaaleina ovat kotimainen m\u00e4nty tai kuusi, ekovilla ja lasi. Kotarakenne on tukeva, talvil\u00e4mmin, kest\u00e4\u00e4 lumikuormat, helppohoitoinen, ekologinen, energiaa s\u00e4\u00e4st\u00e4v\u00e4 ja kaunis. J\u00e4re\u00e4 puurakenne on terveellinen ja hengitt\u00e4v\u00e4 ja tasoittaa talven ja kes\u00e4n l\u00e4mm\u00f6nvaihteluita. Tiglot rakennetaan Hankasalmella elementtein\u00e4, joten kuljetus on helppoa ja rakentaminen nopeaa.  <\/p>\n\n\n\n<p>Ensimm\u00e4iset Tiglot on rakennettu matkailukeskus Revontulen saunamaailman ja golfkent\u00e4n yhteyteen 2019.<\/p>\n\n\n\n<p>Tiglo on suomalainen innovaatio &#8211; uusi upea 2020-luvun iglu, jossa yhdistyv\u00e4t napapiirin perinne, innovatiiviset uudet ratkaisut sek\u00e4 nykymatkailijan odotukset ja toiveet.  Katso <a href=\"https:\/\/onedrive.live.com\/?authkey=%21AG02B%2DnQUGiPykA&amp;cid=995966B15815429C&amp;id=995966B15815429C%2181586&amp;parId=995966B15815429C%2181585&amp;o=OneUp\">esittelyvideo<\/a>.<\/p>\n\n\n\n<figure class=\"wp-block-image\"><a href=\"https:\/\/tiglo.fi\/wp-content\/uploads\/2019\/10\/Tiglo-kes\u00e4kuva-1024x576.png\"><img decoding=\"async\" src=\"https:\/\/tiglo.fi\/wp-content\/uploads\/2019\/10\/Tiglo-kes\u00e4kuva-1024x576.png\" alt=\"\"\/><\/a><\/figure>\n\n\n\n<figure class=\"wp-block-gallery columns-3 is-cropped wp-block-gallery-1 is-layout-flex wp-block-gallery-is-layout-flex\"><ul class=\"blocks-gallery-grid\"><li class=\"blocks-gallery-item\"><figure><a href=\"https:\/\/tiglo.fi\/wp-content\/uploads\/2019\/10\/Tiglo-kes\u00e4kuva-sivulta-1024x576.png\"><img loading=\"lazy\" decoding=\"async\" width=\"1024\" height=\"576\" src=\"https:\/\/tiglo.fi\/wp-content\/uploads\/2019\/10\/Tiglo-kes\u00e4kuva-sivulta-1024x576.png\" alt=\"\" data-id=\"295\" data-link=\"https:\/\/tiglo.fi\/index.php\/etusivu\/tiglo-kesakuva-sivulta\/\" class=\"wp-image-295\" srcset=\"https:\/\/tiglo.fi\/wp-content\/uploads\/2019\/10\/Tiglo-kes\u00e4kuva-sivulta-1024x576.png 1024w, https:\/\/tiglo.fi\/wp-content\/uploads\/2019\/10\/Tiglo-kes\u00e4kuva-sivulta-300x169.png 300w, https:\/\/tiglo.fi\/wp-content\/uploads\/2019\/10\/Tiglo-kes\u00e4kuva-sivulta-768x432.png 768w, https:\/\/tiglo.fi\/wp-content\/uploads\/2019\/10\/Tiglo-kes\u00e4kuva-sivulta.png 1920w\" sizes=\"auto, (max-width: 767px) 89vw, (max-width: 1000px) 54vw, (max-width: 1071px) 543px, 580px\" \/><\/a><\/figure><\/li><li class=\"blocks-gallery-item\"><figure><a href=\"https:\/\/tiglo.fi\/wp-content\/uploads\/2019\/10\/Tiglo-sis\u00e4lt\u00e4-talvikuva-1024x576.png\"><img loading=\"lazy\" decoding=\"async\" width=\"1024\" height=\"576\" src=\"https:\/\/tiglo.fi\/wp-content\/uploads\/2019\/10\/Tiglo-sis\u00e4lt\u00e4-talvikuva-1024x576.png\" alt=\"\" data-id=\"296\" data-link=\"https:\/\/tiglo.fi\/index.php\/etusivu\/tiglo-sisalta-talvikuva\/\" class=\"wp-image-296\" srcset=\"https:\/\/tiglo.fi\/wp-content\/uploads\/2019\/10\/Tiglo-sis\u00e4lt\u00e4-talvikuva-1024x576.png 1024w, https:\/\/tiglo.fi\/wp-content\/uploads\/2019\/10\/Tiglo-sis\u00e4lt\u00e4-talvikuva-300x169.png 300w, https:\/\/tiglo.fi\/wp-content\/uploads\/2019\/10\/Tiglo-sis\u00e4lt\u00e4-talvikuva-768x432.png 768w, https:\/\/tiglo.fi\/wp-content\/uploads\/2019\/10\/Tiglo-sis\u00e4lt\u00e4-talvikuva.png 1920w\" sizes=\"auto, (max-width: 767px) 89vw, (max-width: 1000px) 54vw, (max-width: 1071px) 543px, 580px\" \/><\/a><\/figure><\/li><li class=\"blocks-gallery-item\"><figure><a href=\"https:\/\/tiglo.fi\/wp-content\/uploads\/2019\/10\/Tiglo-talvikuva-1024x576.png\"><img loading=\"lazy\" decoding=\"async\" width=\"1024\" height=\"576\" src=\"https:\/\/tiglo.fi\/wp-content\/uploads\/2019\/10\/Tiglo-talvikuva-1024x576.png\" alt=\"\" data-id=\"297\" data-link=\"https:\/\/tiglo.fi\/index.php\/etusivu\/tiglo-talvikuva\/\" class=\"wp-image-297\" srcset=\"https:\/\/tiglo.fi\/wp-content\/uploads\/2019\/10\/Tiglo-talvikuva-1024x576.png 1024w, https:\/\/tiglo.fi\/wp-content\/uploads\/2019\/10\/Tiglo-talvikuva-300x169.png 300w, https:\/\/tiglo.fi\/wp-content\/uploads\/2019\/10\/Tiglo-talvikuva-768x432.png 768w, https:\/\/tiglo.fi\/wp-content\/uploads\/2019\/10\/Tiglo-talvikuva.png 1920w\" sizes=\"auto, (max-width: 767px) 89vw, (max-width: 1000px) 54vw, (max-width: 1071px) 543px, 580px\" \/><\/a><\/figure><\/li><\/ul><\/figure>\n","protected":false},"excerpt":{"rendered":"<p>TIGLO\u00ae &#8211; ARKTINEN TAIVAS, KOKEMUS JA EL\u00c4MYS L\u00c4HELL\u00c4 SINUA TIGLON TARINA Kodan, iglun, tiipiin ja suomalaisen puurakentamisen hyvi\u00e4 ominaisuuksia yhdist\u00e4v\u00e4 lomamaja. Tiglo on lasikattoinen, puurakenteinen kaksikerroksinen kota. Alakerrassa on viihtyis\u00e4 tupa, jossa on minikeitti\u00f6, wc ja pieni saunallinen kylpyhuone. Yl\u00e4kerrassa on suojainen makuuhuone, &#8221;lasi-iglu&#8221;, jonka isoista l\u00e4mmitett\u00e4vist\u00e4 laseista voi ihailla arktista taivasta ymp\u00e4ri vuoden. Tiglon &hellip; <\/p>\n<p class=\"link-more\"><a href=\"https:\/\/tiglo.fi\/\" class=\"more-link\">Jatka lukemista<span class=\"screen-reader-text\"> &#8221;ETUSIVU&#8221;<\/span><\/a><\/p>\n","protected":false},"author":1,"featured_media":0,"parent":0,"menu_order":1,"comment_status":"closed","ping_status":"closed","template":"","meta":{"footnotes":""},"class_list":["post-10","page","type-page","status-publish","hentry"],"_links":{"self":[{"href":"https:\/\/tiglo.fi\/index.php\/wp-json\/wp\/v2\/pages\/10","targetHints":{"allow":["GET"]}}],"collection":[{"href":"https:\/\/tiglo.fi\/index.php\/wp-json\/wp\/v2\/pages"}],"about":[{"href":"https:\/\/tiglo.fi\/index.php\/wp-json\/wp\/v2\/types\/page"}],"author":[{"embeddable":true,"href":"https:\/\/tiglo.fi\/index.php\/wp-json\/wp\/v2\/users\/1"}],"replies":[{"embeddable":true,"href":"https:\/\/tiglo.fi\/index.php\/wp-json\/wp\/v2\/comments?post=10"}],"version-history":[{"count":36,"href":"https:\/\/tiglo.fi\/index.php\/wp-json\/wp\/v2\/pages\/10\/revisions"}],"predecessor-version":[{"id":325,"href":"https:\/\/tiglo.fi\/index.php\/wp-json\/wp\/v2\/pages\/10\/revisions\/325"}],"wp:attachment":[{"href":"https:\/\/tiglo.fi\/index.php\/wp-json\/wp\/v2\/media?parent=10"}],"curies":[{"name":"wp","href":"https:\/\/api.w.org\/{rel}","templated":true}]}}